{"id":12,"date":"2018-02-27T09:00:04","date_gmt":"2018-02-27T09:00:04","guid":{"rendered":"https:\/\/elcarabo.com\/quiosco-libreria\/?page_id=12"},"modified":"2022-08-08T11:28:32","modified_gmt":"2022-08-08T09:28:32","slug":"a-homepage-section","status":"publish","type":"page","link":"https:\/\/elcarabo.com\/quiosco-libreria\/a-homepage-section\/","title":{"rendered":"40\u00ba aniversario de la fundaci\u00f3n de la Revista Quercus 1981 &#8211; 2021"},"content":{"rendered":"<p>Celebramos el 40\u00ba aniversario de la fundaci\u00f3n de la Revista Quercus, 1981 &#8211; 2021&nbsp;<\/p>\n\n<div class=\"wp-block-image\">\n<figure class=\"aligncenter size-full\"><img data-attachment-id=\"356\" data-permalink=\"https:\/\/elcarabo.com\/quiosco-libreria\/a-homepage-section\/58031faf-46bf-4448-9254-93cb5c376de5\/\" data-orig-file=\"https:\/\/i0.wp.com\/elcarabo.com\/quiosco-libreria\/wp-content\/uploads\/2022\/08\/58031FAF-46BF-4448-9254-93CB5C376DE5.jpeg?fit=578%2C365&amp;ssl=1\" data-orig-size=\"578,365\" data-comments-opened=\"1\" data-image-meta=\"{&quot;aperture&quot;:&quot;0&quot;,&quot;credit&quot;:&quot;&quot;,&quot;camera&quot;:&quot;&quot;,&quot;caption&quot;:&quot;&quot;,&quot;created_timestamp&quot;:&quot;0&quot;,&quot;copyright&quot;:&quot;&quot;,&quot;focal_length&quot;:&quot;0&quot;,&quot;iso&quot;:&quot;0&quot;,&quot;shutter_speed&quot;:&quot;0&quot;,&quot;title&quot;:&quot;&quot;,&quot;orientation&quot;:&quot;0&quot;}\" data-image-title=\"58031FAF-46BF-4448-9254-93CB5C376DE5\" data-image-description=\"\" data-image-caption=\"\" data-medium-file=\"https:\/\/i0.wp.com\/elcarabo.com\/quiosco-libreria\/wp-content\/uploads\/2022\/08\/58031FAF-46BF-4448-9254-93CB5C376DE5.jpeg?fit=300%2C189&amp;ssl=1\" data-large-file=\"https:\/\/i0.wp.com\/elcarabo.com\/quiosco-libreria\/wp-content\/uploads\/2022\/08\/58031FAF-46BF-4448-9254-93CB5C376DE5.jpeg?fit=578%2C365&amp;ssl=1\" decoding=\"async\" loading=\"lazy\" width=\"578\" height=\"365\" src=\"https:\/\/i0.wp.com\/elcarabo.com\/quiosco-libreria\/wp-content\/uploads\/2022\/08\/58031FAF-46BF-4448-9254-93CB5C376DE5.jpeg?resize=578%2C365&#038;ssl=1\" alt=\"\" class=\"wp-image-356\" srcset=\"https:\/\/i0.wp.com\/elcarabo.com\/quiosco-libreria\/wp-content\/uploads\/2022\/08\/58031FAF-46BF-4448-9254-93CB5C376DE5.jpeg?w=578&amp;ssl=1 578w, https:\/\/i0.wp.com\/elcarabo.com\/quiosco-libreria\/wp-content\/uploads\/2022\/08\/58031FAF-46BF-4448-9254-93CB5C376DE5.jpeg?resize=300%2C189&amp;ssl=1 300w, https:\/\/i0.wp.com\/elcarabo.com\/quiosco-libreria\/wp-content\/uploads\/2022\/08\/58031FAF-46BF-4448-9254-93CB5C376DE5.jpeg?resize=416%2C263&amp;ssl=1 416w\" sizes=\"(max-width: 578px) 100vw, 578px\" data-recalc-dims=\"1\" \/><\/figure><\/div>","protected":false},"excerpt":{"rendered":"<p>Celebramos el 40\u00ba aniversario de la fundaci\u00f3n de la Revista Quercus, 1981 &#8211; 2021&nbsp;<\/p>\n","protected":false},"author":1,"featured_media":93,"parent":0,"menu_order":0,"comment_status":"closed","ping_status":"closed","template":"","meta":{"advanced_seo_description":"","jetpack_seo_html_title":"","jetpack_seo_noindex":false},"jetpack_sharing_enabled":true,"jetpack-related-posts":[{"id":2,"url":"https:\/\/elcarabo.com\/quiosco-libreria\/en-venta-la-biblioteca-de-los-fundadores-de-la-revista-quercus\/","url_meta":{"origin":12,"position":0},"title":"Entre los nubarrones hay un rayo de sol","date":"27\/02\/2018","format":false,"excerpt":"Hemos hecho un plan para digitalizar y colocar en Internet a libre disposici\u00f3n de la sociedad una Biblioteca Virtual de la Naturaleza. Puedes verlo en este enlace: https:\/\/coalicionbiodiversidadyteletrabajadores.wordpress.com\/libros-2\/ Como no hemos encontrado qui\u00e9n pueda llevarlo a cabo, nos desprendemos de la biblioteca que hemos formado a lo largo de 40\u2026","rel":"","context":"Entrada similar","img":{"alt_text":"","src":"https:\/\/i0.wp.com\/elcarabo.com\/quiosco-libreria\/wp-content\/uploads\/2021\/02\/DSCN3879-scaled.jpg?fit=1200%2C900&ssl=1&resize=350%2C200","width":350,"height":200},"classes":[]},{"id":9,"url":"https:\/\/elcarabo.com\/quiosco-libreria\/about\/","url_meta":{"origin":12,"position":1},"title":"Nos \/ About","date":"27\/02\/2018","format":false,"excerpt":"P\u00e1gina de Teresa Vicetto y Benigno Varillas, fundadores de Quercus en 1981, en la que venden su biblioteca personal para continuar con su actividad. SONY DSC","rel":"","context":"Entrada similar","img":{"alt_text":"","src":"https:\/\/i0.wp.com\/elcarabo.com\/quiosco-libreria\/wp-content\/uploads\/2021\/04\/DSCN0747-scaled.jpg?fit=1200%2C619&ssl=1&resize=350%2C200","width":350,"height":200},"classes":[]},{"id":315,"url":"https:\/\/elcarabo.com\/quiosco-libreria\/enlaces\/","url_meta":{"origin":12,"position":2},"title":"Enlaces","date":"05\/08\/2022","format":false,"excerpt":"La adquisici\u00f3n de libros y su distribuci\u00f3n la hacemos por Internet. Los env\u00edos por mensajer\u00eda o correo postal. Otras web de Benigno Varillas:\ufeff Revista El C\u00e1rabo Revista El C\u00e1rabo:\u00a0 https:\/\/www.elcarabo.com\/ https:\/\/elcarabo.com\/quiosco-libreria\/embed\/#?secret=GGvJcFxsZN about:blank URL de IncrustadoPega un enlace al contenido que quieras mostrar en tu sitio.Incrustar Aprende m\u00e1s sobre los incrustados(abre\u2026","rel":"","context":"Entrada similar","img":{"alt_text":"","src":"","width":0,"height":0},"classes":[]},{"id":116,"url":"https:\/\/elcarabo.com\/quiosco-libreria\/politica-de-privacidad\/","url_meta":{"origin":12,"position":3},"title":"Privacidad","date":"17\/04\/2021","format":false,"excerpt":"Qui\u00e9nes somos La direcci\u00f3n de nuestra web es: https:\/\/elcarabo.com\/quiosco-libreria. Maria Teresa Vicetto Hern\u00e1ndez, como Responsable del Tratamiento de datos de los cuadernos elcarabo.com\u00a0 y los blogs de muruna.com, muruna.org, biodivers.com, wildspain.org, wildeurope.com, paleovivo.org, rewildingteleworker.club,\u00a0 bisonte.net, y benignovarillas.work le informa que, seg\u00fan lo dispuesto en el Reglamento (UE) 2016\/679, de 27\u2026","rel":"","context":"Entrada similar","img":{"alt_text":"","src":"","width":0,"height":0},"classes":[]}],"_links":{"self":[{"href":"https:\/\/elcarabo.com\/quiosco-libreria\/wp-json\/wp\/v2\/pages\/12"}],"collection":[{"href":"https:\/\/elcarabo.com\/quiosco-libreria\/wp-json\/wp\/v2\/pages"}],"about":[{"href":"https:\/\/elcarabo.com\/quiosco-libreria\/wp-json\/wp\/v2\/types\/page"}],"author":[{"embeddable":true,"href":"https:\/\/elcarabo.com\/quiosco-libreria\/wp-json\/wp\/v2\/users\/1"}],"replies":[{"embeddable":true,"href":"https:\/\/elcarabo.com\/quiosco-libreria\/wp-json\/wp\/v2\/comments?post=12"}],"version-history":[{"count":8,"href":"https:\/\/elcarabo.com\/quiosco-libreria\/wp-json\/wp\/v2\/pages\/12\/revisions"}],"predecessor-version":[{"id":359,"href":"https:\/\/elcarabo.com\/quiosco-libreria\/wp-json\/wp\/v2\/pages\/12\/revisions\/359"}],"wp:featuredmedia":[{"embeddable":true,"href":"https:\/\/elcarabo.com\/quiosco-libreria\/wp-json\/wp\/v2\/media\/93"}],"wp:attachment":[{"href":"https:\/\/elcarabo.com\/quiosco-libreria\/wp-json\/wp\/v2\/media?parent=12"}],"curies":[{"name":"wp","href":"https:\/\/api.w.org\/{rel}","templated":true}]}}