{"id":2,"date":"2018-02-27T04:42:52","date_gmt":"2018-02-27T04:42:52","guid":{"rendered":"https:\/\/elcarabo.com\/quiosco-libreria\/?page_id=2"},"modified":"2021-05-06T05:36:33","modified_gmt":"2021-05-06T03:36:33","slug":"en-venta-la-biblioteca-de-los-fundadores-de-la-revista-quercus","status":"publish","type":"page","link":"https:\/\/elcarabo.com\/quiosco-libreria\/en-venta-la-biblioteca-de-los-fundadores-de-la-revista-quercus\/","title":{"rendered":"Entre los nubarrones hay un rayo de sol"},"content":{"rendered":"<p>Hemos hecho un plan para digitalizar y colocar en Internet a libre disposici\u00f3n de la sociedad una <strong>Biblioteca Virtual de la Naturaleza. <\/strong>Puedes verlo en este enlace: <a href=\"https:\/\/coalicionbiodiversidadyteletrabajadores.wordpress.com\/libros-2\/\">https:\/\/coalicionbiodiversidadyteletrabajadores.wordpress.com\/libros-2\/<\/a><\/p>\n<p>Como no hemos encontrado qui\u00e9n pueda llevarlo a cabo, nos desprendemos de la biblioteca que hemos formado a lo largo de 40 a\u00f1os. Si hubiera un comprador de toda ella no se desmembrar\u00eda. Pero&#8230; no lo hay. Son 6.000 libros y revistas cient\u00edficas de t\u00edtulos agotados, raros y dif\u00edciles de encontrar, valorados en 150.000 euros, que se ofrecen a bastante menos.\u00a0<\/p>\n<p>As\u00ed que an\u00edmate y adquiere los libros que te interesen de los que iremos sacando a la venta de uno en uno. La biblioteca se desperdigar\u00e1 y no se digitalizar\u00e1, pero a cambio, estar\u00e1s ayudando a consolidar el proyecto editorial de la revista El C\u00e1rabo y nuestra labor para reinventar el mundo rural y restaurar la vida salvaje en Espa\u00f1a.<\/p>\n\n\n<div class=\"wp-block-image\"><figure class=\"aligncenter size-large\"><img data-attachment-id=\"67\" data-permalink=\"https:\/\/elcarabo.com\/quiosco-libreria\/en-venta-la-biblioteca-de-los-fundadores-de-la-revista-quercus\/dscn5646\/\" data-orig-file=\"https:\/\/i0.wp.com\/elcarabo.com\/quiosco-libreria\/wp-content\/uploads\/2021\/04\/DSCN5646-scaled.jpg?fit=2560%2C1920&amp;ssl=1\" data-orig-size=\"2560,1920\" data-comments-opened=\"1\" data-image-meta=\"{&quot;aperture&quot;:&quot;5.6&quot;,&quot;credit&quot;:&quot;&quot;,&quot;camera&quot;:&quot;COOLPIX P900&quot;,&quot;caption&quot;:&quot;&quot;,&quot;created_timestamp&quot;:&quot;1557170448&quot;,&quot;copyright&quot;:&quot;&quot;,&quot;focal_length&quot;:&quot;196&quot;,&quot;iso&quot;:&quot;250&quot;,&quot;shutter_speed&quot;:&quot;0.002&quot;,&quot;title&quot;:&quot;&quot;,&quot;orientation&quot;:&quot;1&quot;}\" data-image-title=\"DSCN5646\" data-image-description=\"\" data-image-caption=\"\" data-medium-file=\"https:\/\/i0.wp.com\/elcarabo.com\/quiosco-libreria\/wp-content\/uploads\/2021\/04\/DSCN5646-scaled.jpg?fit=300%2C225&amp;ssl=1\" data-large-file=\"https:\/\/i0.wp.com\/elcarabo.com\/quiosco-libreria\/wp-content\/uploads\/2021\/04\/DSCN5646-scaled.jpg?fit=980%2C735&amp;ssl=1\" decoding=\"async\" loading=\"lazy\" width=\"980\" height=\"735\" src=\"https:\/\/i0.wp.com\/elcarabo.com\/quiosco-libreria\/wp-content\/uploads\/2021\/04\/DSCN5646.jpg?resize=980%2C735&#038;ssl=1\" alt=\"\" class=\"wp-image-67\" srcset=\"https:\/\/i0.wp.com\/elcarabo.com\/quiosco-libreria\/wp-content\/uploads\/2021\/04\/DSCN5646-scaled.jpg?resize=1024%2C768&amp;ssl=1 1024w, https:\/\/i0.wp.com\/elcarabo.com\/quiosco-libreria\/wp-content\/uploads\/2021\/04\/DSCN5646-scaled.jpg?resize=416%2C312&amp;ssl=1 416w, https:\/\/i0.wp.com\/elcarabo.com\/quiosco-libreria\/wp-content\/uploads\/2021\/04\/DSCN5646-scaled.jpg?resize=300%2C225&amp;ssl=1 300w, https:\/\/i0.wp.com\/elcarabo.com\/quiosco-libreria\/wp-content\/uploads\/2021\/04\/DSCN5646-scaled.jpg?resize=768%2C576&amp;ssl=1 768w, https:\/\/i0.wp.com\/elcarabo.com\/quiosco-libreria\/wp-content\/uploads\/2021\/04\/DSCN5646-scaled.jpg?resize=1536%2C1152&amp;ssl=1 1536w, https:\/\/i0.wp.com\/elcarabo.com\/quiosco-libreria\/wp-content\/uploads\/2021\/04\/DSCN5646-scaled.jpg?resize=2048%2C1536&amp;ssl=1 2048w, https:\/\/i0.wp.com\/elcarabo.com\/quiosco-libreria\/wp-content\/uploads\/2021\/04\/DSCN5646-scaled.jpg?w=1960&amp;ssl=1 1960w\" sizes=\"(max-width: 980px) 100vw, 980px\" data-recalc-dims=\"1\" \/><\/figure><\/div>\n","protected":false},"excerpt":{"rendered":"<p>Hemos hecho un plan para digitalizar y colocar en Internet a libre disposici\u00f3n de la sociedad una Biblioteca Virtual de la Naturaleza. Puedes verlo en este enlace: https:\/\/coalicionbiodiversidadyteletrabajadores.wordpress.com\/libros-2\/ Como no hemos encontrado qui\u00e9n pueda llevarlo a cabo, nos desprendemos de la biblioteca que hemos formado a lo largo de 40 a\u00f1os. Si hubiera un comprador [&hellip;]<\/p>\n","protected":false},"author":1,"featured_media":39,"parent":0,"menu_order":0,"comment_status":"closed","ping_status":"open","template":"","meta":{"advanced_seo_description":"","jetpack_seo_html_title":"","jetpack_seo_noindex":false},"jetpack_sharing_enabled":true,"jetpack-related-posts":[{"id":9,"url":"https:\/\/elcarabo.com\/quiosco-libreria\/about\/","url_meta":{"origin":2,"position":0},"title":"Nos \/ About","date":"27\/02\/2018","format":false,"excerpt":"P\u00e1gina de Teresa Vicetto y Benigno Varillas, fundadores de Quercus en 1981, en la que venden su biblioteca personal para continuar con su actividad. SONY DSC","rel":"","context":"Entrada similar","img":{"alt_text":"","src":"https:\/\/i0.wp.com\/elcarabo.com\/quiosco-libreria\/wp-content\/uploads\/2021\/04\/DSCN0747-scaled.jpg?fit=1200%2C619&ssl=1&resize=350%2C200","width":350,"height":200},"classes":[]},{"id":315,"url":"https:\/\/elcarabo.com\/quiosco-libreria\/enlaces\/","url_meta":{"origin":2,"position":1},"title":"Enlaces","date":"05\/08\/2022","format":false,"excerpt":"La adquisici\u00f3n de libros y su distribuci\u00f3n la hacemos por Internet. Los env\u00edos por mensajer\u00eda o correo postal. Otras web de Benigno Varillas:\ufeff Revista El C\u00e1rabo Revista El C\u00e1rabo:\u00a0 https:\/\/www.elcarabo.com\/ https:\/\/elcarabo.com\/quiosco-libreria\/embed\/#?secret=GGvJcFxsZN about:blank URL de IncrustadoPega un enlace al contenido que quieras mostrar en tu sitio.Incrustar Aprende m\u00e1s sobre los incrustados(abre\u2026","rel":"","context":"Entrada similar","img":{"alt_text":"","src":"","width":0,"height":0},"classes":[]},{"id":12,"url":"https:\/\/elcarabo.com\/quiosco-libreria\/a-homepage-section\/","url_meta":{"origin":2,"position":2},"title":"40\u00ba aniversario de la fundaci\u00f3n de la Revista Quercus 1981 &#8211; 2021","date":"27\/02\/2018","format":false,"excerpt":"Celebramos el 40\u00ba aniversario de la fundaci\u00f3n de la Revista Quercus, 1981 - 2021\u00a0","rel":"","context":"Entrada similar","img":{"alt_text":"","src":"https:\/\/i0.wp.com\/elcarabo.com\/quiosco-libreria\/wp-content\/uploads\/2021\/04\/Quercus40Aniversario-24.jpg?fit=1200%2C925&ssl=1&resize=350%2C200","width":350,"height":200},"classes":[]},{"id":268,"url":"https:\/\/elcarabo.com\/quiosco-libreria\/subasta-de-libros\/","url_meta":{"origin":2,"position":3},"title":"Subasta de libros","date":"11\/12\/2021","format":false,"excerpt":"Puja por la Naturaleza El importe de la subasta de libros agotados, raros y antiguos lo destinamos a difundir la causa de la Naturaleza trasladando a Internet la documentaci\u00f3n e informaci\u00f3n que nos es posible. La App de subastas en WordPress est\u00e1 en ingl\u00e9s, con lo que haremos un glosario\u2026","rel":"","context":"Entrada similar","img":{"alt_text":"","src":"","width":0,"height":0},"classes":[]},{"id":11,"url":"https:\/\/elcarabo.com\/quiosco-libreria\/blog\/","url_meta":{"origin":2,"position":4},"title":"Blog","date":"27\/02\/2018","format":false,"excerpt":"","rel":"","context":"Entrada similar","img":{"alt_text":"","src":"https:\/\/i0.wp.com\/elcarabo.com\/quiosco-libreria\/wp-content\/uploads\/2021\/02\/DSCN4198-scaled.jpg?fit=1200%2C900&ssl=1&resize=350%2C200","width":350,"height":200},"classes":[]},{"id":82,"url":"https:\/\/elcarabo.com\/quiosco-libreria\/shop\/","url_meta":{"origin":2,"position":5},"title":"Shop","date":"17\/04\/2021","format":false,"excerpt":"","rel":"","context":"Entrada similar","img":{"alt_text":"","src":"","width":0,"height":0},"classes":[]}],"_links":{"self":[{"href":"https:\/\/elcarabo.com\/quiosco-libreria\/wp-json\/wp\/v2\/pages\/2"}],"collection":[{"href":"https:\/\/elcarabo.com\/quiosco-libreria\/wp-json\/wp\/v2\/pages"}],"about":[{"href":"https:\/\/elcarabo.com\/quiosco-libreria\/wp-json\/wp\/v2\/types\/page"}],"author":[{"embeddable":true,"href":"https:\/\/elcarabo.com\/quiosco-libreria\/wp-json\/wp\/v2\/users\/1"}],"replies":[{"embeddable":true,"href":"https:\/\/elcarabo.com\/quiosco-libreria\/wp-json\/wp\/v2\/comments?post=2"}],"version-history":[{"count":4,"href":"https:\/\/elcarabo.com\/quiosco-libreria\/wp-json\/wp\/v2\/pages\/2\/revisions"}],"predecessor-version":[{"id":217,"href":"https:\/\/elcarabo.com\/quiosco-libreria\/wp-json\/wp\/v2\/pages\/2\/revisions\/217"}],"wp:featuredmedia":[{"embeddable":true,"href":"https:\/\/elcarabo.com\/quiosco-libreria\/wp-json\/wp\/v2\/media\/39"}],"wp:attachment":[{"href":"https:\/\/elcarabo.com\/quiosco-libreria\/wp-json\/wp\/v2\/media?parent=2"}],"curies":[{"name":"wp","href":"https:\/\/api.w.org\/{rel}","templated":true}]}}