{"id":191,"date":"2021-04-18T14:22:56","date_gmt":"2021-04-18T12:22:56","guid":{"rendered":"https:\/\/elcarabo.com\/quiosco-libreria\/?post_type=product&#038;p=191"},"modified":"2021-04-18T14:22:56","modified_gmt":"2021-04-18T12:22:56","slug":"mem-valverde-6-reyes-osos-lobos-espatulas","status":"publish","type":"product","link":"https:\/\/elcarabo.com\/quiosco-libreria\/product\/mem-valverde-6-reyes-osos-lobos-espatulas\/","title":{"rendered":"Mem. Valverde 6: Reyes, osos, lobos, esp\u00e1tulas"},"content":{"rendered":"<p>El sexto tomo de las memorias de Valverde describe los \u00faltimos trabajos de investigaci\u00f3n de campo donde analiza la fauna, la historia medieval y muchos de los usos y quehaceres de la Espa\u00f1a antigua.<\/p>\n","protected":false},"excerpt":{"rendered":"<p>Osos, lobos, esp\u00e1tulas, camaleones y otros reptiles y anfibios; junto a reyes cazadores y monasterios, guardianes desde el Medievo de los mejores cotos cineg\u00e9ticos.<\/p>\n","protected":false},"featured_media":185,"template":"","meta":{"advanced_seo_description":"","jetpack_seo_html_title":"","jetpack_seo_noindex":false,"jetpack_publicize_message":"","jetpack_is_tweetstorm":false,"jetpack_publicize_feature_enabled":true,"jetpack_social_post_already_shared":true,"jetpack_social_options":[]},"product_cat":[37,34],"product_tag":[48,47,46],"jetpack_publicize_connections":[],"jetpack_sharing_enabled":true,"jetpack-related-posts":[{"id":139,"url":"https:\/\/elcarabo.com\/quiosco-libreria\/product\/memorias-de-valverde-7-tomos\/","url_meta":{"origin":191,"position":0},"title":"Memorias de Valverde, 7 tomos","date":"18\/04\/2021","format":false,"excerpt":"Memorias de un bi\u00f3logo heterodoxo \u00a0Hola, soy Benigno Varillas (Texto del a\u00f1o 2003): \"He tenido la fortuna en esta vida de que el profesor Valverde me encargara la publicaci\u00f3n de sus memorias, escritas por \u00e9l a lo largo de los \u00faltimos diez a\u00f1os. Las estoy editando y son impresionantes, un\u2026","rel":"","context":"Entrada similar","img":{"alt_text":"","src":"https:\/\/i0.wp.com\/elcarabo.com\/quiosco-libreria\/wp-content\/uploads\/2021\/04\/MemoriasValverde7Tomos.jpg?fit=536%2C809&ssl=1&resize=350%2C200","width":350,"height":200},"classes":[]},{"id":197,"url":"https:\/\/elcarabo.com\/quiosco-libreria\/product\/mem-valverde-1-origenes-castellanos-navegando-en-descubierta\/","url_meta":{"origin":191,"position":1},"title":"Mem. Valverde 1: Or\u00edgenes castellanos: navegando en descubierta","date":"18\/04\/2021","format":false,"excerpt":"La inquietud investigadora le llev\u00f3 a descubrir, entre los 26 y los 28 a\u00f1os de edad, las marismas de Do\u00f1ana (1952), reconocer el norte de Marruecos (1953) y las marismas francesas de La Camarga (1954), exploraciones que Valverde describe en este primer tomo de sus memorias, en las que se\u2026","rel":"","context":"Entrada similar","img":{"alt_text":"","src":"https:\/\/i0.wp.com\/elcarabo.com\/quiosco-libreria\/wp-content\/uploads\/2021\/04\/MemoriasJAVtomo1.jpg?fit=347%2C499&ssl=1&resize=350%2C200","width":350,"height":200},"classes":[]},{"id":194,"url":"https:\/\/elcarabo.com\/quiosco-libreria\/product\/mem-valverde-3-sahara-guinea-y-marruecos-expediciones-africanas\/","url_meta":{"origin":191,"position":2},"title":"Mem. Valverde 3: S\u00e1hara, Guinea y Marruecos. Expediciones africanas","date":"18\/04\/2021","format":false,"excerpt":"\u00c1frica atrajo poderosamente al profesor Valverde y siempre que se le present\u00f3 la ocasi\u00f3n cruz\u00f3 el Estrecho para adentrarse en ese continente. La investigaci\u00f3n cient\u00edfica de la \u00e9poca era eminentemente recolectora, para determinar la taxonom\u00eda y la distribuci\u00f3n de las especies. Pero Valverde no se limit\u00f3 a ese aspecto. Al\u2026","rel":"","context":"Con 1 comentario","img":{"alt_text":"","src":"https:\/\/i0.wp.com\/elcarabo.com\/quiosco-libreria\/wp-content\/uploads\/2021\/04\/MemoriasJAVtomo2.jpg?fit=355%2C499&ssl=1&resize=350%2C200","width":350,"height":200},"classes":[]},{"id":193,"url":"https:\/\/elcarabo.com\/quiosco-libreria\/product\/mem-valverde-4\/","url_meta":{"origin":191,"position":3},"title":"Mem. Valverde 4: La aventura de Do\u00f1ana: C\u00f3mo crear una reserva","date":"18\/04\/2021","format":false,"excerpt":"Valverde fue un brillante investigador, y desarroll\u00f3 espectaculares estudios ecol\u00f3gicos sobre el Sahara espa\u00f1ol y diversos ecosistemas mediterr\u00e1neos localizados en la Pen\u00ednsula. Sus conclusiones fueron plasmadas en diversos art\u00edculos que hoy se han convertido en cl\u00e1sicos de la literatura cient\u00edfica espa\u00f1ola. Destaca el establecimiento de la relaci\u00f3n predador-presa sobre una\u2026","rel":"","context":"Entrada similar","img":{"alt_text":"","src":"https:\/\/i0.wp.com\/elcarabo.com\/quiosco-libreria\/wp-content\/uploads\/2021\/04\/MemoriasJAVtomo4.jpg?fit=354%2C500&ssl=1&resize=350%2C200","width":350,"height":200},"classes":[]},{"id":195,"url":"https:\/\/elcarabo.com\/quiosco-libreria\/product\/mem-valverde-2\/","url_meta":{"origin":191,"position":4},"title":"Mem. Valverde 2: En el Consejo Superior de Investigaciones Cient\u00edficas","date":"18\/04\/2021","format":false,"excerpt":"Hasta hoy no me he enterado que al encargarme de las aves del desierto, me acaban de admitir en el Consejo Superior de Investigaciones Cient\u00edficas. Se ha abierto una puerta y no se cerrar\u00e1 sin que dentro haya construido algo. Estas premonitorias palabras las escribi\u00f3 Jos\u00e9 Antonio Valverde en Valladolid\u2026","rel":"","context":"Entrada similar","img":{"alt_text":"","src":"https:\/\/i0.wp.com\/elcarabo.com\/quiosco-libreria\/wp-content\/uploads\/2021\/04\/MemoriasJAVtomo3.jpg?fit=354%2C499&ssl=1&resize=350%2C200","width":350,"height":200},"classes":[]},{"id":183,"url":"https:\/\/elcarabo.com\/quiosco-libreria\/product\/mem-valverde-7-pesca-ballenas-barcas\/","url_meta":{"origin":191,"position":5},"title":"Mem. Valverde 7: Pesca, ballenas, barcas","date":"18\/04\/2021","format":false,"excerpt":"En el \u00faltimo tomo de los siete de estas Memorias de un bi\u00f3logo heterodoxo, el profesor Jos\u00e9 A. Valverde habla de la pesca y del mundo marino y acu\u00e1tico. Dedica un cap\u00edtulo a las barcas fluviales, otro a la caza de ballenas, y otros m\u00e1s a su ensayo \u00abLa moral\u2026","rel":"","context":"Entrada similar","img":{"alt_text":"","src":"https:\/\/i0.wp.com\/elcarabo.com\/quiosco-libreria\/wp-content\/uploads\/2021\/04\/MemoriasJAVtomo7.jpg?fit=338%2C499&ssl=1&resize=350%2C200","width":350,"height":200},"classes":[]}],"_links":{"self":[{"href":"https:\/\/elcarabo.com\/quiosco-libreria\/wp-json\/wp\/v2\/product\/191"}],"collection":[{"href":"https:\/\/elcarabo.com\/quiosco-libreria\/wp-json\/wp\/v2\/product"}],"about":[{"href":"https:\/\/elcarabo.com\/quiosco-libreria\/wp-json\/wp\/v2\/types\/product"}],"wp:featuredmedia":[{"embeddable":true,"href":"https:\/\/elcarabo.com\/quiosco-libreria\/wp-json\/wp\/v2\/media\/185"}],"wp:attachment":[{"href":"https:\/\/elcarabo.com\/quiosco-libreria\/wp-json\/wp\/v2\/media?parent=191"}],"wp:term":[{"taxonomy":"product_cat","embeddable":true,"href":"https:\/\/elcarabo.com\/quiosco-libreria\/wp-json\/wp\/v2\/product_cat?post=191"},{"taxonomy":"product_tag","embeddable":true,"href":"https:\/\/elcarabo.com\/quiosco-libreria\/wp-json\/wp\/v2\/product_tag?post=191"}],"curies":[{"name":"wp","href":"https:\/\/api.w.org\/{rel}","templated":true}]}}