{"id":192,"date":"2021-04-18T14:33:45","date_gmt":"2021-04-18T12:33:45","guid":{"rendered":"https:\/\/elcarabo.com\/quiosco-libreria\/?post_type=product&#038;p=192"},"modified":"2021-04-18T14:33:45","modified_gmt":"2021-04-18T12:33:45","slug":"mem-valverde-5-hominizacion-buscando-nuestras-raices","status":"publish","type":"product","link":"https:\/\/elcarabo.com\/quiosco-libreria\/product\/mem-valverde-5-hominizacion-buscando-nuestras-raices\/","title":{"rendered":"Mem. Valverde 5: Hominizaci\u00f3n: buscando nuestras ra\u00edces"},"content":{"rendered":"<p>Este V tomo de las Memorias de Valverde est\u00e1 dedicado al estudio de la evoluci\u00f3n. Su trabajo sobre el proceso de hominizaci\u00f3n, la antropog\u00e9nesis, el origen gran\u00edvoro del hombre. Sintetiza sus hallazgos sobre el proceso evolutivo que gener\u00f3 el hom\u00ednido inteligente.<\/p>\n<p>&nbsp;<\/p>\n","protected":false},"excerpt":{"rendered":"<h4>Memorias de un bi\u00f3logo heterodoxo.<br \/>\nTomo V.<br \/>\nHominizaci\u00f3n: buscando nuestras ra\u00edces<\/h4>\n<h4>Sumario<\/h4>\n<p>Pr\u00f3logo de Juan Luis Arsuaga. Pre\u00e1mbulo.<\/p>\n<p>&#8211; I. Un cr\u00e1neo de gorila.<\/p>\n<p>&#8211; II.- La Antropolog\u00eda incoherente.<br \/>\n&#8211; III. Arenas movedizas.<br \/>\n&#8211; IV. Teor\u00edas antropog\u00e9nicas a mediados del siglo XIX: Lamarck Darwin, von Bolk y Weidenreich. Resumen de la m\u00eda.<br \/>\n&#8211; V. La historia de una teor\u00eda. Cenogramas de mam\u00edferos y de primates africanos. Antonio Cobos se enfada.<br \/>\n&#8211; VI. Peso y tipo de vida. Cambio del biotopo arbor\u00edcola al terrestre.<br \/>\n&#8211; VII. Predaci\u00f3n y sus respuestas defensivas.<br \/>\n&#8211; VIII. Los colmillos de los babuinos, una evoluci\u00f3n ortogen\u00e9tica.<br \/>\n&#8211; IX. Gorilas gigantes. Regreso al bosque y branquiaci\u00f3n en p\u00f3ngidos.<br \/>\n&#8211; X. No reacci\u00f3n de hom\u00ednidos.<br \/>\n\u2013 XI. Evoluci\u00f3n tr\u00f3fica de los primates. \u00bfQu\u00e9 comen los hombres?<br \/>\n&#8211; XII. Gram\u00edneas y leguminosas. Biotopo primigenio de los hom\u00ednidos. Sabanas y ecotonos.<br \/>\n&#8211; XIII. Adaptaciones al franivorismo: manos y molares. \u00bf XIV. \u00bfPor qu\u00e9 se hace humano un mono gran\u00edvoro?- XV. Plano de P\u00e9rez. Inserci\u00f3n medular y macizo facial.- XVI. El Plano de resistencia o c\u00f3ndilo-molar.- XVII. Modificaciones craneales seg\u00fan el tipo de dieta.- XVIII. Test de los molares grandes.- XIX. De hom\u00fanculus, sim\u00fanculus y fonaci\u00f3n.<br \/>\n&#8211; XX. T\u00e9cnicas de investigaci\u00f3n.- XXI. \u00bfQu\u00e9 hacer con ello?<br \/>\n&#8211; XXII. La conferencia de Par\u00eds.<br \/>\n&#8211; XXIII. Conferencia privada a Piveteau y Enciclopedia de Oxford.<\/p>\n<p>&#8211; Ap\u00e9ndice I. Confirmaciones de la teor\u00eda gran\u00edvora.<br \/>\n&#8211; Ap\u00e9ndice II. Art\u00edculo original, en franc\u00e9s, de la teor\u00eda gran\u00edvora.<br \/>\n&#8211; Ap\u00e9ndice III. Fechas importantes en la hominizaci\u00f3n, seg\u00fan mi criterio.<\/p>\n<p>&#8211; Notas.<br \/>\n&#8211; Bibliograf\u00eda.<\/p>\n","protected":false},"featured_media":186,"template":"","meta":{"advanced_seo_description":"","jetpack_seo_html_title":"","jetpack_seo_noindex":false,"jetpack_publicize_message":"","jetpack_is_tweetstorm":false,"jetpack_publicize_feature_enabled":true,"jetpack_social_post_already_shared":true,"jetpack_social_options":[]},"product_cat":[38],"product_tag":[49],"jetpack_publicize_connections":[],"jetpack_sharing_enabled":true,"jetpack-related-posts":[{"id":139,"url":"https:\/\/elcarabo.com\/quiosco-libreria\/product\/memorias-de-valverde-7-tomos\/","url_meta":{"origin":192,"position":0},"title":"Memorias de Valverde, 7 tomos","date":"18\/04\/2021","format":false,"excerpt":"Memorias de un bi\u00f3logo heterodoxo \u00a0Hola, soy Benigno Varillas (Texto del a\u00f1o 2003): \"He tenido la fortuna en esta vida de que el profesor Valverde me encargara la publicaci\u00f3n de sus memorias, escritas por \u00e9l a lo largo de los \u00faltimos diez a\u00f1os. Las estoy editando y son impresionantes, un\u2026","rel":"","context":"Entrada similar","img":{"alt_text":"","src":"https:\/\/i0.wp.com\/elcarabo.com\/quiosco-libreria\/wp-content\/uploads\/2021\/04\/MemoriasValverde7Tomos.jpg?fit=536%2C809&ssl=1&resize=350%2C200","width":350,"height":200},"classes":[]},{"id":183,"url":"https:\/\/elcarabo.com\/quiosco-libreria\/product\/mem-valverde-7-pesca-ballenas-barcas\/","url_meta":{"origin":192,"position":1},"title":"Mem. Valverde 7: Pesca, ballenas, barcas","date":"18\/04\/2021","format":false,"excerpt":"En el \u00faltimo tomo de los siete de estas Memorias de un bi\u00f3logo heterodoxo, el profesor Jos\u00e9 A. Valverde habla de la pesca y del mundo marino y acu\u00e1tico. Dedica un cap\u00edtulo a las barcas fluviales, otro a la caza de ballenas, y otros m\u00e1s a su ensayo \u00abLa moral\u2026","rel":"","context":"Entrada similar","img":{"alt_text":"","src":"https:\/\/i0.wp.com\/elcarabo.com\/quiosco-libreria\/wp-content\/uploads\/2021\/04\/MemoriasJAVtomo7.jpg?fit=338%2C499&ssl=1&resize=350%2C200","width":350,"height":200},"classes":[]},{"id":194,"url":"https:\/\/elcarabo.com\/quiosco-libreria\/product\/mem-valverde-3-sahara-guinea-y-marruecos-expediciones-africanas\/","url_meta":{"origin":192,"position":2},"title":"Mem. Valverde 3: S\u00e1hara, Guinea y Marruecos. Expediciones africanas","date":"18\/04\/2021","format":false,"excerpt":"\u00c1frica atrajo poderosamente al profesor Valverde y siempre que se le present\u00f3 la ocasi\u00f3n cruz\u00f3 el Estrecho para adentrarse en ese continente. La investigaci\u00f3n cient\u00edfica de la \u00e9poca era eminentemente recolectora, para determinar la taxonom\u00eda y la distribuci\u00f3n de las especies. Pero Valverde no se limit\u00f3 a ese aspecto. Al\u2026","rel":"","context":"Con 1 comentario","img":{"alt_text":"","src":"https:\/\/i0.wp.com\/elcarabo.com\/quiosco-libreria\/wp-content\/uploads\/2021\/04\/MemoriasJAVtomo2.jpg?fit=355%2C499&ssl=1&resize=350%2C200","width":350,"height":200},"classes":[]},{"id":195,"url":"https:\/\/elcarabo.com\/quiosco-libreria\/product\/mem-valverde-2\/","url_meta":{"origin":192,"position":3},"title":"Mem. Valverde 2: En el Consejo Superior de Investigaciones Cient\u00edficas","date":"18\/04\/2021","format":false,"excerpt":"Hasta hoy no me he enterado que al encargarme de las aves del desierto, me acaban de admitir en el Consejo Superior de Investigaciones Cient\u00edficas. Se ha abierto una puerta y no se cerrar\u00e1 sin que dentro haya construido algo. Estas premonitorias palabras las escribi\u00f3 Jos\u00e9 Antonio Valverde en Valladolid\u2026","rel":"","context":"Entrada similar","img":{"alt_text":"","src":"https:\/\/i0.wp.com\/elcarabo.com\/quiosco-libreria\/wp-content\/uploads\/2021\/04\/MemoriasJAVtomo3.jpg?fit=354%2C499&ssl=1&resize=350%2C200","width":350,"height":200},"classes":[]},{"id":197,"url":"https:\/\/elcarabo.com\/quiosco-libreria\/product\/mem-valverde-1-origenes-castellanos-navegando-en-descubierta\/","url_meta":{"origin":192,"position":4},"title":"Mem. Valverde 1: Or\u00edgenes castellanos: navegando en descubierta","date":"18\/04\/2021","format":false,"excerpt":"La inquietud investigadora le llev\u00f3 a descubrir, entre los 26 y los 28 a\u00f1os de edad, las marismas de Do\u00f1ana (1952), reconocer el norte de Marruecos (1953) y las marismas francesas de La Camarga (1954), exploraciones que Valverde describe en este primer tomo de sus memorias, en las que se\u2026","rel":"","context":"Entrada similar","img":{"alt_text":"","src":"https:\/\/i0.wp.com\/elcarabo.com\/quiosco-libreria\/wp-content\/uploads\/2021\/04\/MemoriasJAVtomo1.jpg?fit=347%2C499&ssl=1&resize=350%2C200","width":350,"height":200},"classes":[]},{"id":191,"url":"https:\/\/elcarabo.com\/quiosco-libreria\/product\/mem-valverde-6-reyes-osos-lobos-espatulas\/","url_meta":{"origin":192,"position":5},"title":"Mem. Valverde 6: Reyes, osos, lobos, esp\u00e1tulas","date":"18\/04\/2021","format":false,"excerpt":"Osos, lobos, esp\u00e1tulas, camaleones y otros reptiles y anfibios; junto a reyes cazadores y monasterios, guardianes desde el Medievo de los mejores cotos cineg\u00e9ticos.","rel":"","context":"Entrada similar","img":{"alt_text":"","src":"https:\/\/i0.wp.com\/elcarabo.com\/quiosco-libreria\/wp-content\/uploads\/2021\/04\/MemoriasJAVtomo6.jpg?fit=358%2C499&ssl=1&resize=350%2C200","width":350,"height":200},"classes":[]}],"_links":{"self":[{"href":"https:\/\/elcarabo.com\/quiosco-libreria\/wp-json\/wp\/v2\/product\/192"}],"collection":[{"href":"https:\/\/elcarabo.com\/quiosco-libreria\/wp-json\/wp\/v2\/product"}],"about":[{"href":"https:\/\/elcarabo.com\/quiosco-libreria\/wp-json\/wp\/v2\/types\/product"}],"wp:featuredmedia":[{"embeddable":true,"href":"https:\/\/elcarabo.com\/quiosco-libreria\/wp-json\/wp\/v2\/media\/186"}],"wp:attachment":[{"href":"https:\/\/elcarabo.com\/quiosco-libreria\/wp-json\/wp\/v2\/media?parent=192"}],"wp:term":[{"taxonomy":"product_cat","embeddable":true,"href":"https:\/\/elcarabo.com\/quiosco-libreria\/wp-json\/wp\/v2\/product_cat?post=192"},{"taxonomy":"product_tag","embeddable":true,"href":"https:\/\/elcarabo.com\/quiosco-libreria\/wp-json\/wp\/v2\/product_tag?post=192"}],"curies":[{"name":"wp","href":"https:\/\/api.w.org\/{rel}","templated":true}]}}