{"id":193,"date":"2021-04-18T14:40:56","date_gmt":"2021-04-18T12:40:56","guid":{"rendered":"https:\/\/elcarabo.com\/quiosco-libreria\/?post_type=product&#038;p=193"},"modified":"2021-04-25T16:57:50","modified_gmt":"2021-04-25T14:57:50","slug":"mem-valverde-4","status":"publish","type":"product","link":"https:\/\/elcarabo.com\/quiosco-libreria\/product\/mem-valverde-4\/","title":{"rendered":"Mem. Valverde 4: La aventura de Do\u00f1ana: C\u00f3mo crear una reserva"},"content":{"rendered":"<div class=\"woocommerce-product-details__short-description\">\n<h4>Tomo IV.<br \/>\nLa aventura de Do\u00f1ana: C\u00f3mo crear una reserva<\/h4>\n<h4>Sumario<\/h4>\n<p><strong>Cap\u00edtulo I. La aventura de Do\u00f1ana.<br \/>\n&#8211; II. C\u00f3mo hacer una reserva.<br \/>\n&#8211; III.El rodaje.<br \/>\n&#8211; IV. Anilladores y estudiantes.<br \/>\n&#8211; La expansi\u00f3n y el Parque Nacional.<br \/>\n&#8211; VI. La evoluci\u00f3n de Do\u00f1ana y Las Marismas.<\/strong><\/p>\n<p>El autor Jos\u00e9 A. Valverde narra las primeras exploraciones de la naturaleza espa\u00f1ola de los a\u00f1os cincuenta y c\u00f3mo fueron los inicios de la investigaci\u00f3n de la naturaleza espa\u00f1ola en Almer\u00eda, Do\u00f1ana y durante su breve estancia en el Museo Nacional de Ciencias Naturales en Madrid. Cuenta tambi\u00e9n c\u00f3mo se hicieron las famosas primeras fotos del \u00e1guila perdicera y de quebrantahuesos.<\/p>\n<p>&nbsp;<\/p>\n<p>(Valladolid, 1926-Sevilla, 2003) fue un bi\u00f3logo, naturalista, ec\u00f3logo y activista ambiental espa\u00f1ol. Alcanz\u00f3 una enorme repercusi\u00f3n internacional a finales de los a\u00f1os 1950 al encabezar los movimientos de defensa de las marismas del Guadalquivir frente a un plan del Ministerio de Agricultura para desecar esta zona. Como consecuencia de la repercusi\u00f3n que causaron estos movimientos se paraliz\u00f3 la desecaci\u00f3n y se cre\u00f3 el Parque Nacional de Do\u00f1ana en 1969.<\/p>\n<\/div>\n<form class=\"cart AVAST_PAM_nonloginform\" action=\"https:\/\/elcarabo.com\/producto\/memorias-jose-valverde-tomo-iv-la-aventura-donana-crear-una-reserva\/\" enctype=\"multipart\/form-data\" method=\"post\">\n<div class=\"quantity\"><label class=\"screen-reader-text\" for=\"quantity_607c275cca90a\">Memorias de Jos\u00e9 A. Valverde. Tomo IV. La aventura de Do\u00f1ana: C\u00f3mo crear una reserva cantidad<\/label><input id=\"quantity_607c275cca90a\" class=\"input-text qty text\" title=\"Cantidad\" max=\"\" min=\"1\" name=\"quantity\" size=\"4\" step=\"1\" type=\"number\" value=\"1\" placeholder=\"\" \/><\/div>\n<\/form>\n","protected":false},"excerpt":{"rendered":"<p>Valverde fue un brillante investigador, y desarroll\u00f3 espectaculares estudios ecol\u00f3gicos sobre el Sahara espa\u00f1ol y diversos ecosistemas mediterr\u00e1neos localizados en la Pen\u00ednsula. Sus conclusiones fueron plasmadas en diversos art\u00edculos que hoy se han convertido en cl\u00e1sicos de la literatura cient\u00edfica espa\u00f1ola. Destaca el establecimiento de la relaci\u00f3n predador-presa sobre una base energ\u00e9tica, algo que hab\u00edan pasado por alto los anteriores investigadores evolutivos.<br \/>\nPero, por encima de todo, de lo que \u00e9l estaba orgulloso era de sus descubrimientos sobre la evoluci\u00f3n humana.<\/p>\n<p>Le molestaba pasar a la historia como &#8220;el padre de Do\u00f1ana&#8221;, como \u00e9l sab\u00eda ocurrir\u00eda. Y es que si sus descubrimientos cient\u00edficos fueron importantes, lo de Do\u00f1ana fue una proeza.<\/p>\n","protected":false},"featured_media":187,"template":"","meta":{"advanced_seo_description":"","jetpack_seo_html_title":"","jetpack_seo_noindex":false,"jetpack_publicize_message":"","jetpack_is_tweetstorm":false,"jetpack_publicize_feature_enabled":true,"jetpack_social_post_already_shared":true,"jetpack_social_options":[]},"product_cat":[18],"product_tag":[],"jetpack_publicize_connections":[],"jetpack_sharing_enabled":true,"jetpack-related-posts":[{"id":139,"url":"https:\/\/elcarabo.com\/quiosco-libreria\/product\/memorias-de-valverde-7-tomos\/","url_meta":{"origin":193,"position":0},"title":"Memorias de Valverde, 7 tomos","date":"18\/04\/2021","format":false,"excerpt":"Memorias de un bi\u00f3logo heterodoxo \u00a0Hola, soy Benigno Varillas (Texto del a\u00f1o 2003): \"He tenido la fortuna en esta vida de que el profesor Valverde me encargara la publicaci\u00f3n de sus memorias, escritas por \u00e9l a lo largo de los \u00faltimos diez a\u00f1os. Las estoy editando y son impresionantes, un\u2026","rel":"","context":"Entrada similar","img":{"alt_text":"","src":"https:\/\/i0.wp.com\/elcarabo.com\/quiosco-libreria\/wp-content\/uploads\/2021\/04\/MemoriasValverde7Tomos.jpg?fit=536%2C809&ssl=1&resize=350%2C200","width":350,"height":200},"classes":[]},{"id":195,"url":"https:\/\/elcarabo.com\/quiosco-libreria\/product\/mem-valverde-2\/","url_meta":{"origin":193,"position":1},"title":"Mem. Valverde 2: En el Consejo Superior de Investigaciones Cient\u00edficas","date":"18\/04\/2021","format":false,"excerpt":"Hasta hoy no me he enterado que al encargarme de las aves del desierto, me acaban de admitir en el Consejo Superior de Investigaciones Cient\u00edficas. Se ha abierto una puerta y no se cerrar\u00e1 sin que dentro haya construido algo. Estas premonitorias palabras las escribi\u00f3 Jos\u00e9 Antonio Valverde en Valladolid\u2026","rel":"","context":"Entrada similar","img":{"alt_text":"","src":"https:\/\/i0.wp.com\/elcarabo.com\/quiosco-libreria\/wp-content\/uploads\/2021\/04\/MemoriasJAVtomo3.jpg?fit=354%2C499&ssl=1&resize=350%2C200","width":350,"height":200},"classes":[]},{"id":197,"url":"https:\/\/elcarabo.com\/quiosco-libreria\/product\/mem-valverde-1-origenes-castellanos-navegando-en-descubierta\/","url_meta":{"origin":193,"position":2},"title":"Mem. Valverde 1: Or\u00edgenes castellanos: navegando en descubierta","date":"18\/04\/2021","format":false,"excerpt":"La inquietud investigadora le llev\u00f3 a descubrir, entre los 26 y los 28 a\u00f1os de edad, las marismas de Do\u00f1ana (1952), reconocer el norte de Marruecos (1953) y las marismas francesas de La Camarga (1954), exploraciones que Valverde describe en este primer tomo de sus memorias, en las que se\u2026","rel":"","context":"Entrada similar","img":{"alt_text":"","src":"https:\/\/i0.wp.com\/elcarabo.com\/quiosco-libreria\/wp-content\/uploads\/2021\/04\/MemoriasJAVtomo1.jpg?fit=347%2C499&ssl=1&resize=350%2C200","width":350,"height":200},"classes":[]},{"id":183,"url":"https:\/\/elcarabo.com\/quiosco-libreria\/product\/mem-valverde-7-pesca-ballenas-barcas\/","url_meta":{"origin":193,"position":3},"title":"Mem. Valverde 7: Pesca, ballenas, barcas","date":"18\/04\/2021","format":false,"excerpt":"En el \u00faltimo tomo de los siete de estas Memorias de un bi\u00f3logo heterodoxo, el profesor Jos\u00e9 A. Valverde habla de la pesca y del mundo marino y acu\u00e1tico. Dedica un cap\u00edtulo a las barcas fluviales, otro a la caza de ballenas, y otros m\u00e1s a su ensayo \u00abLa moral\u2026","rel":"","context":"Entrada similar","img":{"alt_text":"","src":"https:\/\/i0.wp.com\/elcarabo.com\/quiosco-libreria\/wp-content\/uploads\/2021\/04\/MemoriasJAVtomo7.jpg?fit=338%2C499&ssl=1&resize=350%2C200","width":350,"height":200},"classes":[]},{"id":194,"url":"https:\/\/elcarabo.com\/quiosco-libreria\/product\/mem-valverde-3-sahara-guinea-y-marruecos-expediciones-africanas\/","url_meta":{"origin":193,"position":4},"title":"Mem. Valverde 3: S\u00e1hara, Guinea y Marruecos. Expediciones africanas","date":"18\/04\/2021","format":false,"excerpt":"\u00c1frica atrajo poderosamente al profesor Valverde y siempre que se le present\u00f3 la ocasi\u00f3n cruz\u00f3 el Estrecho para adentrarse en ese continente. La investigaci\u00f3n cient\u00edfica de la \u00e9poca era eminentemente recolectora, para determinar la taxonom\u00eda y la distribuci\u00f3n de las especies. Pero Valverde no se limit\u00f3 a ese aspecto. Al\u2026","rel":"","context":"Con 1 comentario","img":{"alt_text":"","src":"https:\/\/i0.wp.com\/elcarabo.com\/quiosco-libreria\/wp-content\/uploads\/2021\/04\/MemoriasJAVtomo2.jpg?fit=355%2C499&ssl=1&resize=350%2C200","width":350,"height":200},"classes":[]},{"id":192,"url":"https:\/\/elcarabo.com\/quiosco-libreria\/product\/mem-valverde-5-hominizacion-buscando-nuestras-raices\/","url_meta":{"origin":193,"position":5},"title":"Mem. Valverde 5: Hominizaci\u00f3n: buscando nuestras ra\u00edces","date":"18\/04\/2021","format":false,"excerpt":"Memorias de un bi\u00f3logo heterodoxo. Tomo V. Hominizaci\u00f3n: buscando nuestras ra\u00edces Sumario Pr\u00f3logo de Juan Luis Arsuaga. Pre\u00e1mbulo. - I. Un cr\u00e1neo de gorila. - II.- La Antropolog\u00eda incoherente. - III. Arenas movedizas. - IV. Teor\u00edas antropog\u00e9nicas a mediados del siglo XIX: Lamarck Darwin, von Bolk y Weidenreich. Resumen de\u2026","rel":"","context":"Entrada similar","img":{"alt_text":"","src":"https:\/\/i0.wp.com\/elcarabo.com\/quiosco-libreria\/wp-content\/uploads\/2021\/04\/MemoriasJAVtomo5.jpg?fit=357%2C499&ssl=1&resize=350%2C200","width":350,"height":200},"classes":[]}],"_links":{"self":[{"href":"https:\/\/elcarabo.com\/quiosco-libreria\/wp-json\/wp\/v2\/product\/193"}],"collection":[{"href":"https:\/\/elcarabo.com\/quiosco-libreria\/wp-json\/wp\/v2\/product"}],"about":[{"href":"https:\/\/elcarabo.com\/quiosco-libreria\/wp-json\/wp\/v2\/types\/product"}],"wp:featuredmedia":[{"embeddable":true,"href":"https:\/\/elcarabo.com\/quiosco-libreria\/wp-json\/wp\/v2\/media\/187"}],"wp:attachment":[{"href":"https:\/\/elcarabo.com\/quiosco-libreria\/wp-json\/wp\/v2\/media?parent=193"}],"wp:term":[{"taxonomy":"product_cat","embeddable":true,"href":"https:\/\/elcarabo.com\/quiosco-libreria\/wp-json\/wp\/v2\/product_cat?post=193"},{"taxonomy":"product_tag","embeddable":true,"href":"https:\/\/elcarabo.com\/quiosco-libreria\/wp-json\/wp\/v2\/product_tag?post=193"}],"curies":[{"name":"wp","href":"https:\/\/api.w.org\/{rel}","templated":true}]}}