{"id":194,"date":"2021-04-18T14:44:58","date_gmt":"2021-04-18T12:44:58","guid":{"rendered":"https:\/\/elcarabo.com\/quiosco-libreria\/?post_type=product&#038;p=194"},"modified":"2021-12-11T08:22:51","modified_gmt":"2021-12-11T07:22:51","slug":"mem-valverde-3-sahara-guinea-y-marruecos-expediciones-africanas","status":"publish","type":"product","link":"https:\/\/elcarabo.com\/quiosco-libreria\/product\/mem-valverde-3-sahara-guinea-y-marruecos-expediciones-africanas\/","title":{"rendered":"Mem. Valverde 3: S\u00e1hara, Guinea y Marruecos. Expediciones africanas"},"content":{"rendered":"<h4>Memorias de un bi\u00f3logo heterodoxo. Tomo III.<\/h4>\n<h4>Sumario<\/h4>\n<p>Cap\u00edtulo I. Aves del S\u00e1hara.- Cap\u00edtulo II. S\u00e1hara de nuevo.- Cap\u00edtulo III. Operaci\u00f3n Mohor.- Cap\u00edtulo IV. Viaje a Guinea Ecuatorial.- Cap\u00edtulo V. Jubilaci\u00f3n y serpientes de Marruecos.<\/p>\n<p>Este tercer tomo recoge las memorias de Jos\u00e9 A. Valverde con la informaci\u00f3n de las expediciones cient\u00edficas a territorios que eran desconocidos en los mapas zool\u00f3gicos de \u00c1frica. Narra su viaje a Guinea ecuatorial. Incluye el relato de sus viajes a Marruecos en los quince \u00faltimos a\u00f1os de su vida para estudiar los reptiles, en especial las cobras, conviviendo con los cazadores y los aisauis, los encantadores de serpientes marroqu\u00edes, realizando importantes contribuciones cient\u00edficas.<\/p>\n","protected":false},"excerpt":{"rendered":"<p>\u00c1frica atrajo poderosamente al profesor Valverde y siempre que se le present\u00f3 la ocasi\u00f3n cruz\u00f3 el Estrecho para adentrarse en ese continente. La investigaci\u00f3n cient\u00edfica de la \u00e9poca era eminentemente recolectora, para determinar la taxonom\u00eda y la distribuci\u00f3n de las especies. Pero Valverde no se limit\u00f3 a ese aspecto. Al descubrir que la fauna sahariana estaba siendo exterminada y que algunas especies, como la gacela mohor, pod\u00edan extinguirse, ide\u00f3 una operaci\u00f3n de rescate, trasladando ejemplares al Instituto de Aclimataci\u00f3n de Almer\u00eda para su reproducci\u00f3n en cautividad. Hoy, los descendientes de aquellos espec\u00edmenes que se trajeron a Espa\u00f1a, est\u00e1n siendo reintroducidos en el norte de \u00c1frica y, gracias a la labor de Valverde, esas especies han sobrevivido.<\/p>\n","protected":false},"featured_media":189,"template":"","meta":{"advanced_seo_description":"","jetpack_seo_html_title":"","jetpack_seo_noindex":false,"jetpack_publicize_message":"","jetpack_is_tweetstorm":false,"jetpack_publicize_feature_enabled":true,"jetpack_social_post_already_shared":true,"jetpack_social_options":[]},"product_cat":[39,40],"product_tag":[52,51,50],"jetpack_publicize_connections":[],"jetpack_sharing_enabled":true,"jetpack-related-posts":[{"id":139,"url":"https:\/\/elcarabo.com\/quiosco-libreria\/product\/memorias-de-valverde-7-tomos\/","url_meta":{"origin":194,"position":0},"title":"Memorias de Valverde, 7 tomos","date":"18\/04\/2021","format":false,"excerpt":"Memorias de un bi\u00f3logo heterodoxo \u00a0Hola, soy Benigno Varillas (Texto del a\u00f1o 2003): \"He tenido la fortuna en esta vida de que el profesor Valverde me encargara la publicaci\u00f3n de sus memorias, escritas por \u00e9l a lo largo de los \u00faltimos diez a\u00f1os. Las estoy editando y son impresionantes, un\u2026","rel":"","context":"Entrada similar","img":{"alt_text":"","src":"https:\/\/i0.wp.com\/elcarabo.com\/quiosco-libreria\/wp-content\/uploads\/2021\/04\/MemoriasValverde7Tomos.jpg?fit=536%2C809&ssl=1&resize=350%2C200","width":350,"height":200},"classes":[]},{"id":193,"url":"https:\/\/elcarabo.com\/quiosco-libreria\/product\/mem-valverde-4\/","url_meta":{"origin":194,"position":1},"title":"Mem. Valverde 4: La aventura de Do\u00f1ana: C\u00f3mo crear una reserva","date":"18\/04\/2021","format":false,"excerpt":"Valverde fue un brillante investigador, y desarroll\u00f3 espectaculares estudios ecol\u00f3gicos sobre el Sahara espa\u00f1ol y diversos ecosistemas mediterr\u00e1neos localizados en la Pen\u00ednsula. Sus conclusiones fueron plasmadas en diversos art\u00edculos que hoy se han convertido en cl\u00e1sicos de la literatura cient\u00edfica espa\u00f1ola. Destaca el establecimiento de la relaci\u00f3n predador-presa sobre una\u2026","rel":"","context":"Entrada similar","img":{"alt_text":"","src":"https:\/\/i0.wp.com\/elcarabo.com\/quiosco-libreria\/wp-content\/uploads\/2021\/04\/MemoriasJAVtomo4.jpg?fit=354%2C500&ssl=1&resize=350%2C200","width":350,"height":200},"classes":[]},{"id":183,"url":"https:\/\/elcarabo.com\/quiosco-libreria\/product\/mem-valverde-7-pesca-ballenas-barcas\/","url_meta":{"origin":194,"position":2},"title":"Mem. Valverde 7: Pesca, ballenas, barcas","date":"18\/04\/2021","format":false,"excerpt":"En el \u00faltimo tomo de los siete de estas Memorias de un bi\u00f3logo heterodoxo, el profesor Jos\u00e9 A. Valverde habla de la pesca y del mundo marino y acu\u00e1tico. Dedica un cap\u00edtulo a las barcas fluviales, otro a la caza de ballenas, y otros m\u00e1s a su ensayo \u00abLa moral\u2026","rel":"","context":"Entrada similar","img":{"alt_text":"","src":"https:\/\/i0.wp.com\/elcarabo.com\/quiosco-libreria\/wp-content\/uploads\/2021\/04\/MemoriasJAVtomo7.jpg?fit=338%2C499&ssl=1&resize=350%2C200","width":350,"height":200},"classes":[]},{"id":197,"url":"https:\/\/elcarabo.com\/quiosco-libreria\/product\/mem-valverde-1-origenes-castellanos-navegando-en-descubierta\/","url_meta":{"origin":194,"position":3},"title":"Mem. Valverde 1: Or\u00edgenes castellanos: navegando en descubierta","date":"18\/04\/2021","format":false,"excerpt":"La inquietud investigadora le llev\u00f3 a descubrir, entre los 26 y los 28 a\u00f1os de edad, las marismas de Do\u00f1ana (1952), reconocer el norte de Marruecos (1953) y las marismas francesas de La Camarga (1954), exploraciones que Valverde describe en este primer tomo de sus memorias, en las que se\u2026","rel":"","context":"Entrada similar","img":{"alt_text":"","src":"https:\/\/i0.wp.com\/elcarabo.com\/quiosco-libreria\/wp-content\/uploads\/2021\/04\/MemoriasJAVtomo1.jpg?fit=347%2C499&ssl=1&resize=350%2C200","width":350,"height":200},"classes":[]},{"id":195,"url":"https:\/\/elcarabo.com\/quiosco-libreria\/product\/mem-valverde-2\/","url_meta":{"origin":194,"position":4},"title":"Mem. Valverde 2: En el Consejo Superior de Investigaciones Cient\u00edficas","date":"18\/04\/2021","format":false,"excerpt":"Hasta hoy no me he enterado que al encargarme de las aves del desierto, me acaban de admitir en el Consejo Superior de Investigaciones Cient\u00edficas. Se ha abierto una puerta y no se cerrar\u00e1 sin que dentro haya construido algo. Estas premonitorias palabras las escribi\u00f3 Jos\u00e9 Antonio Valverde en Valladolid\u2026","rel":"","context":"Entrada similar","img":{"alt_text":"","src":"https:\/\/i0.wp.com\/elcarabo.com\/quiosco-libreria\/wp-content\/uploads\/2021\/04\/MemoriasJAVtomo3.jpg?fit=354%2C499&ssl=1&resize=350%2C200","width":350,"height":200},"classes":[]},{"id":192,"url":"https:\/\/elcarabo.com\/quiosco-libreria\/product\/mem-valverde-5-hominizacion-buscando-nuestras-raices\/","url_meta":{"origin":194,"position":5},"title":"Mem. Valverde 5: Hominizaci\u00f3n: buscando nuestras ra\u00edces","date":"18\/04\/2021","format":false,"excerpt":"Memorias de un bi\u00f3logo heterodoxo. Tomo V. Hominizaci\u00f3n: buscando nuestras ra\u00edces Sumario Pr\u00f3logo de Juan Luis Arsuaga. Pre\u00e1mbulo. - I. Un cr\u00e1neo de gorila. - II.- La Antropolog\u00eda incoherente. - III. Arenas movedizas. - IV. Teor\u00edas antropog\u00e9nicas a mediados del siglo XIX: Lamarck Darwin, von Bolk y Weidenreich. Resumen de\u2026","rel":"","context":"Entrada similar","img":{"alt_text":"","src":"https:\/\/i0.wp.com\/elcarabo.com\/quiosco-libreria\/wp-content\/uploads\/2021\/04\/MemoriasJAVtomo5.jpg?fit=357%2C499&ssl=1&resize=350%2C200","width":350,"height":200},"classes":[]}],"_links":{"self":[{"href":"https:\/\/elcarabo.com\/quiosco-libreria\/wp-json\/wp\/v2\/product\/194"}],"collection":[{"href":"https:\/\/elcarabo.com\/quiosco-libreria\/wp-json\/wp\/v2\/product"}],"about":[{"href":"https:\/\/elcarabo.com\/quiosco-libreria\/wp-json\/wp\/v2\/types\/product"}],"wp:featuredmedia":[{"embeddable":true,"href":"https:\/\/elcarabo.com\/quiosco-libreria\/wp-json\/wp\/v2\/media\/189"}],"wp:attachment":[{"href":"https:\/\/elcarabo.com\/quiosco-libreria\/wp-json\/wp\/v2\/media?parent=194"}],"wp:term":[{"taxonomy":"product_cat","embeddable":true,"href":"https:\/\/elcarabo.com\/quiosco-libreria\/wp-json\/wp\/v2\/product_cat?post=194"},{"taxonomy":"product_tag","embeddable":true,"href":"https:\/\/elcarabo.com\/quiosco-libreria\/wp-json\/wp\/v2\/product_tag?post=194"}],"curies":[{"name":"wp","href":"https:\/\/api.w.org\/{rel}","templated":true}]}}