{"id":197,"date":"2021-04-18T14:57:51","date_gmt":"2021-04-18T12:57:51","guid":{"rendered":"https:\/\/elcarabo.com\/quiosco-libreria\/?post_type=product&#038;p=197"},"modified":"2021-04-18T14:57:52","modified_gmt":"2021-04-18T12:57:52","slug":"mem-valverde-1-origenes-castellanos-navegando-en-descubierta","status":"publish","type":"product","link":"https:\/\/elcarabo.com\/quiosco-libreria\/product\/mem-valverde-1-origenes-castellanos-navegando-en-descubierta\/","title":{"rendered":"Mem. Valverde 1: Or\u00edgenes castellanos: navegando en descubierta"},"content":{"rendered":"<div class=\"woocommerce-product-details__short-description\">\n<p>En este primer tomo de sus memorias Jos\u00e9 Antonio Valverde (Valladolid, 1926-Sevilla, 2003) relata con un extraordinario estilo literario, fuera de lo com\u00fan para un cient\u00edfico, su descubrimiento de la naturaleza del r\u00edo Pisuerga a orillas de Valladolid, su ciudad natal, as\u00ed como en los p\u00e1rrafos castellanos que la rodean, y en los largos veraneos de su infancia en el valle del r\u00edo Pas, en Santander. Impresiona su testimonio de la grave enfermedad juvenil que le postr\u00f3 en cama largos a\u00f1os, y c\u00f3mo sac\u00f3 partido a la adversidad, transform\u00e1ndose, a pesar de las muletas con las que se movi\u00f3 escayolado de los 17 a los 21 a\u00f1os, en el mayor naturalista de campo de la historia espa\u00f1ola. Siempre impuso la mente y el af\u00e1n de superaci\u00f3n intelectual a los muchos impedimentos f\u00edsicos que padeci\u00f3 a lo largo de su vida.<\/p>\n<\/div>\n<form class=\"cart AVAST_PAM_nonloginform\" action=\"https:\/\/elcarabo.com\/producto\/memorias-valverde-tomo-i-origenes-castellanos-navegando-descubierta\/\" enctype=\"multipart\/form-data\" method=\"post\">\n<div class=\"quantity\"><label class=\"screen-reader-text\" for=\"quantity_607c2c05cb97c\">Memorias de Valverde. Tomo I. Or\u00edgenes castellanos: navegando en descubierta<\/label><\/div>\n<\/form>\n","protected":false},"excerpt":{"rendered":"<p>La inquietud investigadora le llev\u00f3 a descubrir, entre los 26 y los 28 a\u00f1os de edad, las marismas de Do\u00f1ana (1952), reconocer el norte de Marruecos (1953) y las marismas francesas de La Camarga (1954), exploraciones que Valverde describe en este primer tomo de sus memorias, en las que se fragu\u00f3 el cient\u00edfico que luego destacar\u00eda en numerosos campos del saber. El relato de c\u00f3mo salv\u00f3 Do\u00f1ana y fund\u00f3 su Estaci\u00f3n Biol\u00f3gica, o sigui\u00f3 el rastro de osos y lobos desde el Medievo a nuestros d\u00edas, entre otras muchas investigaciones, se narra en los seis tomos restantes de su autobiograf\u00eda, que completan este primero, todos ellos llenos de informaci\u00f3n e ilustrados con sus magn\u00edficos dibujos. Valverde era un artista nato, al punto de que en su juventud la Casa de Vel\u00e1zquez le quiso becar para estudiar Bellas Artes. Pero su destino era romper moldes como zo\u00f3logo, ec\u00f3logo y te\u00f3rico de la evoluci\u00f3n humana<\/p>\n","protected":false},"featured_media":190,"template":"","meta":{"advanced_seo_description":"","jetpack_seo_html_title":"","jetpack_seo_noindex":false,"jetpack_publicize_message":"","jetpack_is_tweetstorm":false,"jetpack_publicize_feature_enabled":true,"jetpack_social_post_already_shared":true,"jetpack_social_options":[]},"product_cat":[18],"product_tag":[55,54],"jetpack_publicize_connections":[],"jetpack_sharing_enabled":true,"jetpack-related-posts":[{"id":139,"url":"https:\/\/elcarabo.com\/quiosco-libreria\/product\/memorias-de-valverde-7-tomos\/","url_meta":{"origin":197,"position":0},"title":"Memorias de Valverde, 7 tomos","date":"18\/04\/2021","format":false,"excerpt":"Memorias de un bi\u00f3logo heterodoxo \u00a0Hola, soy Benigno Varillas (Texto del a\u00f1o 2003): \"He tenido la fortuna en esta vida de que el profesor Valverde me encargara la publicaci\u00f3n de sus memorias, escritas por \u00e9l a lo largo de los \u00faltimos diez a\u00f1os. Las estoy editando y son impresionantes, un\u2026","rel":"","context":"Entrada similar","img":{"alt_text":"","src":"https:\/\/i0.wp.com\/elcarabo.com\/quiosco-libreria\/wp-content\/uploads\/2021\/04\/MemoriasValverde7Tomos.jpg?fit=536%2C809&ssl=1&resize=350%2C200","width":350,"height":200},"classes":[]},{"id":193,"url":"https:\/\/elcarabo.com\/quiosco-libreria\/product\/mem-valverde-4\/","url_meta":{"origin":197,"position":1},"title":"Mem. Valverde 4: La aventura de Do\u00f1ana: C\u00f3mo crear una reserva","date":"18\/04\/2021","format":false,"excerpt":"Valverde fue un brillante investigador, y desarroll\u00f3 espectaculares estudios ecol\u00f3gicos sobre el Sahara espa\u00f1ol y diversos ecosistemas mediterr\u00e1neos localizados en la Pen\u00ednsula. Sus conclusiones fueron plasmadas en diversos art\u00edculos que hoy se han convertido en cl\u00e1sicos de la literatura cient\u00edfica espa\u00f1ola. Destaca el establecimiento de la relaci\u00f3n predador-presa sobre una\u2026","rel":"","context":"Entrada similar","img":{"alt_text":"","src":"https:\/\/i0.wp.com\/elcarabo.com\/quiosco-libreria\/wp-content\/uploads\/2021\/04\/MemoriasJAVtomo4.jpg?fit=354%2C500&ssl=1&resize=350%2C200","width":350,"height":200},"classes":[]},{"id":195,"url":"https:\/\/elcarabo.com\/quiosco-libreria\/product\/mem-valverde-2\/","url_meta":{"origin":197,"position":2},"title":"Mem. Valverde 2: En el Consejo Superior de Investigaciones Cient\u00edficas","date":"18\/04\/2021","format":false,"excerpt":"Hasta hoy no me he enterado que al encargarme de las aves del desierto, me acaban de admitir en el Consejo Superior de Investigaciones Cient\u00edficas. Se ha abierto una puerta y no se cerrar\u00e1 sin que dentro haya construido algo. Estas premonitorias palabras las escribi\u00f3 Jos\u00e9 Antonio Valverde en Valladolid\u2026","rel":"","context":"Entrada similar","img":{"alt_text":"","src":"https:\/\/i0.wp.com\/elcarabo.com\/quiosco-libreria\/wp-content\/uploads\/2021\/04\/MemoriasJAVtomo3.jpg?fit=354%2C499&ssl=1&resize=350%2C200","width":350,"height":200},"classes":[]},{"id":194,"url":"https:\/\/elcarabo.com\/quiosco-libreria\/product\/mem-valverde-3-sahara-guinea-y-marruecos-expediciones-africanas\/","url_meta":{"origin":197,"position":3},"title":"Mem. Valverde 3: S\u00e1hara, Guinea y Marruecos. Expediciones africanas","date":"18\/04\/2021","format":false,"excerpt":"\u00c1frica atrajo poderosamente al profesor Valverde y siempre que se le present\u00f3 la ocasi\u00f3n cruz\u00f3 el Estrecho para adentrarse en ese continente. La investigaci\u00f3n cient\u00edfica de la \u00e9poca era eminentemente recolectora, para determinar la taxonom\u00eda y la distribuci\u00f3n de las especies. Pero Valverde no se limit\u00f3 a ese aspecto. Al\u2026","rel":"","context":"Con 1 comentario","img":{"alt_text":"","src":"https:\/\/i0.wp.com\/elcarabo.com\/quiosco-libreria\/wp-content\/uploads\/2021\/04\/MemoriasJAVtomo2.jpg?fit=355%2C499&ssl=1&resize=350%2C200","width":350,"height":200},"classes":[]},{"id":191,"url":"https:\/\/elcarabo.com\/quiosco-libreria\/product\/mem-valverde-6-reyes-osos-lobos-espatulas\/","url_meta":{"origin":197,"position":4},"title":"Mem. Valverde 6: Reyes, osos, lobos, esp\u00e1tulas","date":"18\/04\/2021","format":false,"excerpt":"Osos, lobos, esp\u00e1tulas, camaleones y otros reptiles y anfibios; junto a reyes cazadores y monasterios, guardianes desde el Medievo de los mejores cotos cineg\u00e9ticos.","rel":"","context":"Entrada similar","img":{"alt_text":"","src":"https:\/\/i0.wp.com\/elcarabo.com\/quiosco-libreria\/wp-content\/uploads\/2021\/04\/MemoriasJAVtomo6.jpg?fit=358%2C499&ssl=1&resize=350%2C200","width":350,"height":200},"classes":[]},{"id":183,"url":"https:\/\/elcarabo.com\/quiosco-libreria\/product\/mem-valverde-7-pesca-ballenas-barcas\/","url_meta":{"origin":197,"position":5},"title":"Mem. Valverde 7: Pesca, ballenas, barcas","date":"18\/04\/2021","format":false,"excerpt":"En el \u00faltimo tomo de los siete de estas Memorias de un bi\u00f3logo heterodoxo, el profesor Jos\u00e9 A. Valverde habla de la pesca y del mundo marino y acu\u00e1tico. Dedica un cap\u00edtulo a las barcas fluviales, otro a la caza de ballenas, y otros m\u00e1s a su ensayo \u00abLa moral\u2026","rel":"","context":"Entrada similar","img":{"alt_text":"","src":"https:\/\/i0.wp.com\/elcarabo.com\/quiosco-libreria\/wp-content\/uploads\/2021\/04\/MemoriasJAVtomo7.jpg?fit=338%2C499&ssl=1&resize=350%2C200","width":350,"height":200},"classes":[]}],"_links":{"self":[{"href":"https:\/\/elcarabo.com\/quiosco-libreria\/wp-json\/wp\/v2\/product\/197"}],"collection":[{"href":"https:\/\/elcarabo.com\/quiosco-libreria\/wp-json\/wp\/v2\/product"}],"about":[{"href":"https:\/\/elcarabo.com\/quiosco-libreria\/wp-json\/wp\/v2\/types\/product"}],"wp:featuredmedia":[{"embeddable":true,"href":"https:\/\/elcarabo.com\/quiosco-libreria\/wp-json\/wp\/v2\/media\/190"}],"wp:attachment":[{"href":"https:\/\/elcarabo.com\/quiosco-libreria\/wp-json\/wp\/v2\/media?parent=197"}],"wp:term":[{"taxonomy":"product_cat","embeddable":true,"href":"https:\/\/elcarabo.com\/quiosco-libreria\/wp-json\/wp\/v2\/product_cat?post=197"},{"taxonomy":"product_tag","embeddable":true,"href":"https:\/\/elcarabo.com\/quiosco-libreria\/wp-json\/wp\/v2\/product_tag?post=197"}],"curies":[{"name":"wp","href":"https:\/\/api.w.org\/{rel}","templated":true}]}}